{"id":2818,"date":"2022-04-25T13:54:50","date_gmt":"2022-04-25T18:54:50","guid":{"rendered":"https:\/\/www.serviops.ca\/offres-demploi\/"},"modified":"2022-04-25T13:54:50","modified_gmt":"2022-04-25T18:54:50","slug":"offres-demploi","status":"publish","type":"page","link":"https:\/\/www.serviops.ca\/fr\/offres-demploi\/","title":{"rendered":"Offres d&#8217;emploi"},"content":{"rendered":"<p>[et_pb_section fb_built=\u00a0\u00bb1&Prime; _builder_version=\u00a0\u00bb4.9.1&Prime; _module_preset=\u00a0\u00bbdefault\u00a0\u00bb custom_padding=\u00a0\u00bb150px||150px||false|false\u00a0\u00bb][et_pb_row _builder_version=\u00a0\u00bb4.9.1&Prime; _module_preset=\u00a0\u00bbdefault\u00a0\u00bb width=\u00a0\u00bb100%\u00a0\u00bb max_width=\u00a0\u00bb90%\u00a0\u00bb min_height=\u00a0\u00bb153px\u00a0\u00bb custom_padding=\u00a0\u00bb||8px|||\u00a0\u00bb][et_pb_column type=\u00a0\u00bb4_4&Prime; _builder_version=\u00a0\u00bb4.9.1&Prime; _module_preset=\u00a0\u00bbdefault\u00a0\u00bb][et_pb_text _builder_version=\u00a0\u00bb4.9.1&Prime; _module_preset=\u00a0\u00bbdefault\u00a0\u00bb text_font=\u00a0\u00bbArial||||||||\u00a0\u00bb text_text_color=\u00a0\u00bb#1a3665&Prime; text_font_size=\u00a0\u00bb20px\u00a0\u00bb custom_padding=\u00a0\u00bb24px|||||\u00a0\u00bb inline_fonts=\u00a0\u00bbArial\u00a0\u00bb]<\/p>\n<h1><strong><span style=\"color: #1a3665; font-family: Arial; font-size: 48px;\">Faites un pas vers la stabilit\u00e9<\/span><\/strong><\/h1>\n<p>[\/et_pb_text][\/et_pb_column][\/et_pb_row][et_pb_row _builder_version=\u00a0\u00bb4.9.1&Prime; _module_preset=\u00a0\u00bbdefault\u00a0\u00bb width=\u00a0\u00bb100%\u00a0\u00bb max_width=\u00a0\u00bb90%\u00a0\u00bb custom_padding=\u00a0\u00bb||8px|||\u00a0\u00bb][et_pb_column type=\u00a0\u00bb4_4&Prime; _builder_version=\u00a0\u00bb4.9.1&Prime; _module_preset=\u00a0\u00bbdefault\u00a0\u00bb][et_pb_text _builder_version=\u00a0\u00bb4.9.1&Prime; _module_preset=\u00a0\u00bbdefault\u00a0\u00bb text_font=\u00a0\u00bbArial||||||||\u00a0\u00bb text_text_color=\u00a0\u00bb#1a3665&Prime; text_font_size=\u00a0\u00bb25px\u00a0\u00bb]<\/p>\n<p>Nous sommes une \u00e9quipe de passionn\u00e9es d\u00e9vou\u00e9es \u00e0 d\u00e9livrer un service client\u00e8le in\u00e9gal\u00e9 et \u00e0 offrir une technologie de pointe. Nous sommes engag\u00e9s \u00e0 vous aider \u00e0 atteindre votre potentiel et \u00e0 vous frayer un chemin dans des environnements professionnels complexes, en vous donnant la possibilit\u00e9 de d\u00e9couvrir votre v\u00e9ritable potentiel gr\u00e2ce \u00e0 notre formation et \u00e0 notre soutien continus.<\/p>\n<p>[\/et_pb_text][\/et_pb_column][\/et_pb_row][\/et_pb_section][et_pb_section fb_built=\u00a0\u00bb1&Prime; _builder_version=\u00a0\u00bb4.9.1&Prime; _module_preset=\u00a0\u00bbdefault\u00a0\u00bb background_color=\u00a0\u00bb#1a3665&Prime; custom_margin=\u00a0\u00bb||||true|true\u00a0\u00bb custom_padding=\u00a0\u00bb||||true|true\u00a0\u00bb][et_pb_row column_structure=\u00a0\u00bb1_2,1_2&Prime; _builder_version=\u00a0\u00bb4.9.1&Prime; _module_preset=\u00a0\u00bbdefault\u00a0\u00bb width=\u00a0\u00bb100%\u00a0\u00bb max_width=\u00a0\u00bb90%\u00a0\u00bb min_height=\u00a0\u00bb30.6px\u00a0\u00bb custom_margin=\u00a0\u00bb|auto|-56px|auto||\u00a0\u00bb custom_padding=\u00a0\u00bb0px|||||\u00a0\u00bb][et_pb_column type=\u00a0\u00bb1_2&Prime; _builder_version=\u00a0\u00bb4.9.1&Prime; _module_preset=\u00a0\u00bbdefault\u00a0\u00bb][et_pb_text _builder_version=\u00a0\u00bb4.9.1&Prime; _module_preset=\u00a0\u00bbdefault\u00a0\u00bb text_font=\u00a0\u00bbArial|700|||||||\u00a0\u00bb text_font_size=\u00a0\u00bb32px\u00a0\u00bb hover_enabled=\u00a0\u00bb0&Prime; custom_padding=\u00a0\u00bb8px||||false|false\u00a0\u00bb sticky_enabled=\u00a0\u00bb0&Prime;]<\/p>\n<p style=\"text-align: center;\"><span style=\"color: #ffffff; font-size: 26px;\">Nous embauchons !<\/span><\/p>\n<p>[\/et_pb_text][\/et_pb_column][et_pb_column type=\u00a0\u00bb1_2&Prime; _builder_version=\u00a0\u00bb4.9.1&Prime; _module_preset=\u00a0\u00bbdefault\u00a0\u00bb][et_pb_button button_url=\u00a0\u00bb#positions\u00a0\u00bb button_text=\u00a0\u00bbView Positions\u00a0\u00bb button_alignment=\u00a0\u00bbcenter\u00a0\u00bb _builder_version=\u00a0\u00bb4.9.1&Prime; _module_preset=\u00a0\u00bbdefault\u00a0\u00bb custom_button=\u00a0\u00bbon\u00a0\u00bb button_text_color=\u00a0\u00bb#1a3665&Prime; button_bg_color=\u00a0\u00bb#FFFFFF\u00a0\u00bb button_border_color=\u00a0\u00bb#FFFFFF\u00a0\u00bb button_border_radius=\u00a0\u00bb67px\u00a0\u00bb button_font=\u00a0\u00bbArial||||||||\u00a0\u00bb][\/et_pb_button][\/et_pb_column][\/et_pb_row][\/et_pb_section][et_pb_section fb_built=\u00a0\u00bb1&Prime; _builder_version=\u00a0\u00bb4.9.1&Prime; _module_preset=\u00a0\u00bbdefault\u00a0\u00bb custom_padding=\u00a0\u00bb50px||0px||false|false\u00a0\u00bb][et_pb_row column_structure=\u00a0\u00bb1_4,1_4,1_4,1_4&Prime; _builder_version=\u00a0\u00bb4.9.1&Prime; _module_preset=\u00a0\u00bbdefault\u00a0\u00bb width=\u00a0\u00bb69%\u00a0\u00bb max_width=\u00a0\u00bb171%\u00a0\u00bb min_height=\u00a0\u00bb148.1px\u00a0\u00bb][et_pb_column type=\u00a0\u00bb1_4&Prime; _builder_version=\u00a0\u00bb4.9.1&Prime; _module_preset=\u00a0\u00bbdefault\u00a0\u00bb][et_pb_image src=\u00a0\u00bbhttps:\/\/www.serviops.ca\/wp-content\/uploads\/2021\/11\/512px-Amazon_Web_Services_Logo.svg_-300&#215;180.png\u00a0\u00bb title_text=\u00a0\u00bb512px-Amazon_Web_Services_Logo.svg\u00a0\u00bb _builder_version=\u00a0\u00bb4.9.1&Prime; _module_preset=\u00a0\u00bbdefault\u00a0\u00bb width=\u00a0\u00bb30%\u00a0\u00bb][\/et_pb_image][\/et_pb_column][et_pb_column type=\u00a0\u00bb1_4&Prime; _builder_version=\u00a0\u00bb4.9.1&Prime; _module_preset=\u00a0\u00bbdefault\u00a0\u00bb][et_pb_image src=\u00a0\u00bbhttps:\/\/www.serviops.ca\/wp-content\/uploads\/2021\/11\/cloudflare-logo-7-300&#215;99.png\u00a0\u00bb title_text=\u00a0\u00bbcloudflare-logo-7&Prime; _builder_version=\u00a0\u00bb4.9.1&Prime; _module_preset=\u00a0\u00bbdefault\u00a0\u00bb width=\u00a0\u00bb50%\u00a0\u00bb custom_margin=\u00a0\u00bb0px||||false|false\u00a0\u00bb custom_padding=\u00a0\u00bb10px||10px||true|false\u00a0\u00bb][\/et_pb_image][\/et_pb_column][et_pb_column type=\u00a0\u00bb1_4&Prime; _builder_version=\u00a0\u00bb4.9.1&Prime; _module_preset=\u00a0\u00bbdefault\u00a0\u00bb][et_pb_image src=\u00a0\u00bbhttps:\/\/www.serviops.ca\/wp-content\/uploads\/2021\/11\/HashiCorp_Logo-300&#215;67.png\u00a0\u00bb title_text=\u00a0\u00bbHashiCorp_Logo\u00a0\u00bb _builder_version=\u00a0\u00bb4.9.1&Prime; _module_preset=\u00a0\u00bbdefault\u00a0\u00bb width=\u00a0\u00bb50%\u00a0\u00bb custom_padding=\u00a0\u00bb18px||18px||true|false\u00a0\u00bb][\/et_pb_image][\/et_pb_column][et_pb_column type=\u00a0\u00bb1_4&Prime; _builder_version=\u00a0\u00bb4.9.1&Prime; _module_preset=\u00a0\u00bbdefault\u00a0\u00bb][et_pb_image src=\u00a0\u00bbhttps:\/\/www.serviops.ca\/wp-content\/uploads\/2021\/11\/download-300&#215;96.png\u00a0\u00bb title_text=\u00a0\u00bbdownload\u00a0\u00bb _builder_version=\u00a0\u00bb4.9.1&Prime; _module_preset=\u00a0\u00bbdefault\u00a0\u00bb width=\u00a0\u00bb50%\u00a0\u00bb custom_padding=\u00a0\u00bb15px||15px||true|false\u00a0\u00bb][\/et_pb_image][\/et_pb_column][\/et_pb_row][\/et_pb_section][et_pb_section fb_built=\u00a0\u00bb1&Prime; _builder_version=\u00a0\u00bb4.9.1&Prime; _module_preset=\u00a0\u00bbdefault\u00a0\u00bb custom_margin=\u00a0\u00bb-6px|||||\u00a0\u00bb custom_padding=\u00a0\u00bb0px||0px|||\u00a0\u00bb][et_pb_row _builder_version=\u00a0\u00bb4.9.1&Prime; _module_preset=\u00a0\u00bbdefault\u00a0\u00bb module_alignment=\u00a0\u00bbcenter\u00a0\u00bb min_height=\u00a0\u00bb570.3px\u00a0\u00bb custom_margin=\u00a0\u00bb1px||1px||true|false\u00a0\u00bb custom_padding=\u00a0\u00bb||||true\u00a0\u00bb][et_pb_column type=\u00a0\u00bb4_4&Prime; _builder_version=\u00a0\u00bb4.9.1&Prime; _module_preset=\u00a0\u00bbdefault\u00a0\u00bb][et_pb_text module_id=\u00a0\u00bbpositions\u00a0\u00bb module_class=\u00a0\u00bbpositions\u00a0\u00bb _builder_version=\u00a0\u00bb4.9.1&Prime; _module_preset=\u00a0\u00bbdefault\u00a0\u00bb text_font=\u00a0\u00bbArial||||||||\u00a0\u00bb text_text_color=\u00a0\u00bb#1a3665&Prime; text_font_size=\u00a0\u00bb30px\u00a0\u00bb text_orientation=\u00a0\u00bbcenter\u00a0\u00bb min_height=\u00a0\u00bb82.4px\u00a0\u00bb]<\/p>\n<p style=\"text-align: center; font-size: 36px;\"><strong>Voir les postes<\/strong><\/p>\n<p>[\/et_pb_text][et_pb_text _builder_version=\u00a0\u00bb4.9.1&Prime; _module_preset=\u00a0\u00bbdefault\u00a0\u00bb]<\/p>\n<p style=\"text-align: center;\">\t<div class=\"jobs-none-container\">\n\t\t<p>We currently have no job openings<\/p>\n\t<\/div>\n\t<\/p>\n<p>[\/et_pb_text][\/et_pb_column][\/et_pb_row][\/et_pb_section][et_pb_section fb_built=\u00a0\u00bb1&Prime; _builder_version=\u00a0\u00bb4.9.1&Prime; _module_preset=\u00a0\u00bbdefault\u00a0\u00bb min_height=\u00a0\u00bb402.4px\u00a0\u00bb custom_margin=\u00a0\u00bb0px||||false|false\u00a0\u00bb custom_padding=\u00a0\u00bb0px||158px|||\u00a0\u00bb][et_pb_row _builder_version=\u00a0\u00bb4.9.1&Prime; _module_preset=\u00a0\u00bbdefault\u00a0\u00bb][et_pb_column type=\u00a0\u00bb4_4&Prime; _builder_version=\u00a0\u00bb4.9.1&Prime; _module_preset=\u00a0\u00bbdefault\u00a0\u00bb][et_pb_text _builder_version=\u00a0\u00bb4.9.1&Prime; _module_preset=\u00a0\u00bbdefault\u00a0\u00bb text_font=\u00a0\u00bbArial||||||||\u00a0\u00bb text_text_color=\u00a0\u00bb#1a3665&Prime; text_font_size=\u00a0\u00bb30px\u00a0\u00bb text_orientation=\u00a0\u00bbcenter\u00a0\u00bb]<\/p>\n<p style=\"text-align: center; font-size: 36px;\"><strong>Pourquoi travailler \u00e0 Serviops ?<\/strong><\/p>\n<p>[\/et_pb_text][\/et_pb_column][\/et_pb_row][et_pb_row column_structure=\u00a0\u00bb1_4,1_4,1_4,1_4&Prime; _builder_version=\u00a0\u00bb4.9.1&Prime; _module_preset=\u00a0\u00bbdefault\u00a0\u00bb position_origin_r=\u00a0\u00bbbottom_right\u00a0\u00bb][et_pb_column type=\u00a0\u00bb1_4&Prime; _builder_version=\u00a0\u00bb4.9.1&Prime; _module_preset=\u00a0\u00bbdefault\u00a0\u00bb custom_padding=\u00a0\u00bb30px||30px||true|false\u00a0\u00bb border_radii=\u00a0\u00bbon|20px|20px|20px|20px\u00a0\u00bb box_shadow_style=\u00a0\u00bbpreset1&Prime;][et_pb_image src=\u00a0\u00bbhttps:\/\/www.serviops.ca\/wp-content\/uploads\/2021\/11\/flexible-schedule-icon.png\u00a0\u00bb title_text=\u00a0\u00bbflexible schedule icon\u00a0\u00bb align=\u00a0\u00bbright\u00a0\u00bb _builder_version=\u00a0\u00bb4.9.1&Prime; _module_preset=\u00a0\u00bbdefault\u00a0\u00bb width=\u00a0\u00bb40%\u00a0\u00bb module_alignment=\u00a0\u00bbcenter\u00a0\u00bb][\/et_pb_image][et_pb_text _builder_version=\u00a0\u00bb4.9.1&Prime; _module_preset=\u00a0\u00bbdefault\u00a0\u00bb text_font=\u00a0\u00bbArial||||||||\u00a0\u00bb text_text_color=\u00a0\u00bb#1a3665&Prime;]<\/p>\n<p style=\"text-align: center;\"><strong>Horaire flexible<\/strong><\/p>\n<p>[\/et_pb_text][\/et_pb_column][et_pb_column type=\u00a0\u00bb1_4&Prime; _builder_version=\u00a0\u00bb4.9.1&Prime; _module_preset=\u00a0\u00bbdefault\u00a0\u00bb custom_padding=\u00a0\u00bb30px||30px||true|false\u00a0\u00bb border_radii=\u00a0\u00bbon|20px|20px|20px|20px\u00a0\u00bb box_shadow_style=\u00a0\u00bbpreset1&Prime;][et_pb_image src=\u00a0\u00bbhttps:\/\/www.serviops.ca\/wp-content\/uploads\/2021\/11\/insurance.png\u00a0\u00bb title_text=\u00a0\u00bbinsurance\u00a0\u00bb _builder_version=\u00a0\u00bb4.9.1&Prime; _module_preset=\u00a0\u00bbdefault\u00a0\u00bb width=\u00a0\u00bb40%\u00a0\u00bb module_alignment=\u00a0\u00bbcenter\u00a0\u00bb][\/et_pb_image][et_pb_text _builder_version=\u00a0\u00bb4.9.1&Prime; _module_preset=\u00a0\u00bbdefault\u00a0\u00bb text_font=\u00a0\u00bbArial||||||||\u00a0\u00bb text_text_color=\u00a0\u00bb#1a3665&Prime;]<\/p>\n<p style=\"text-align: center;\"><strong>Prestations de sant\u00e9<\/strong><\/p>\n<p>[\/et_pb_text][\/et_pb_column][et_pb_column type=\u00a0\u00bb1_4&Prime; _builder_version=\u00a0\u00bb4.9.1&Prime; _module_preset=\u00a0\u00bbdefault\u00a0\u00bb custom_padding=\u00a0\u00bb30px||30px||false|false\u00a0\u00bb border_radii=\u00a0\u00bbon|20px|20px|20px|20px\u00a0\u00bb box_shadow_style=\u00a0\u00bbpreset1&Prime;][et_pb_image src=\u00a0\u00bbhttps:\/\/www.serviops.ca\/wp-content\/uploads\/2021\/11\/mentorship-icon-1.png\u00a0\u00bb title_text=\u00a0\u00bbmentorship icon (1)\u00a0\u00bb _builder_version=\u00a0\u00bb4.9.1&Prime; _module_preset=\u00a0\u00bbdefault\u00a0\u00bb width=\u00a0\u00bb40%\u00a0\u00bb module_alignment=\u00a0\u00bbcenter\u00a0\u00bb][\/et_pb_image][et_pb_text _builder_version=\u00a0\u00bb4.9.1&Prime; _module_preset=\u00a0\u00bbdefault\u00a0\u00bb text_font=\u00a0\u00bbArial||||||||\u00a0\u00bb text_text_color=\u00a0\u00bb#1a3665&Prime;]<\/p>\n<p style=\"text-align: center;\"><strong>Parrainage<\/strong><\/p>\n<p>[\/et_pb_text][\/et_pb_column][et_pb_column type=\u00a0\u00bb1_4&Prime; _builder_version=\u00a0\u00bb4.9.1&Prime; _module_preset=\u00a0\u00bbdefault\u00a0\u00bb custom_padding=\u00a0\u00bb30px||30px||true|false\u00a0\u00bb border_radii=\u00a0\u00bbon|20px|20px|20px|20px\u00a0\u00bb box_shadow_style=\u00a0\u00bbpreset1&Prime;][et_pb_image src=\u00a0\u00bbhttps:\/\/www.serviops.ca\/wp-content\/uploads\/2021\/11\/remote-work-icon-1.png\u00a0\u00bb title_text=\u00a0\u00bbremote work icon (1)\u00a0\u00bb _builder_version=\u00a0\u00bb4.9.1&Prime; _module_preset=\u00a0\u00bbdefault\u00a0\u00bb width=\u00a0\u00bb40%\u00a0\u00bb module_alignment=\u00a0\u00bbcenter\u00a0\u00bb][\/et_pb_image][et_pb_text _builder_version=\u00a0\u00bb4.9.1&Prime; _module_preset=\u00a0\u00bbdefault\u00a0\u00bb text_font=\u00a0\u00bbArial||||||||\u00a0\u00bb text_text_color=\u00a0\u00bb#1a3365&Prime;]<\/p>\n<p style=\"text-align: center;\"><strong>Travail \u00e0 distance<\/strong><\/p>\n<p>[\/et_pb_text][\/et_pb_column][\/et_pb_row][\/et_pb_section][et_pb_section fb_built=\u00a0\u00bb1&Prime; _builder_version=\u00a0\u00bb4.9.1&Prime; _module_preset=\u00a0\u00bbdefault\u00a0\u00bb background_color=\u00a0\u00bb#1a3665&Prime; custom_margin=\u00a0\u00bb||||true|true\u00a0\u00bb custom_padding=\u00a0\u00bb||||true|true\u00a0\u00bb][et_pb_row column_structure=\u00a0\u00bb1_2,1_2&Prime; _builder_version=\u00a0\u00bb4.9.1&Prime; _module_preset=\u00a0\u00bbdefault\u00a0\u00bb width=\u00a0\u00bb100%\u00a0\u00bb max_width=\u00a0\u00bb90%\u00a0\u00bb min_height=\u00a0\u00bb30.6px\u00a0\u00bb custom_margin=\u00a0\u00bb|auto|-56px|auto||\u00a0\u00bb custom_padding=\u00a0\u00bb0px|||||\u00a0\u00bb][et_pb_column type=\u00a0\u00bb1_2&Prime; _builder_version=\u00a0\u00bb4.9.1&Prime; _module_preset=\u00a0\u00bbdefault\u00a0\u00bb][et_pb_text _builder_version=\u00a0\u00bb4.9.1&Prime; _module_preset=\u00a0\u00bbdefault\u00a0\u00bb text_font=\u00a0\u00bbArial|700|||||||\u00a0\u00bb text_font_size=\u00a0\u00bb32px\u00a0\u00bb hover_enabled=\u00a0\u00bb0&Prime; custom_padding=\u00a0\u00bb8px||||false|false\u00a0\u00bb sticky_enabled=\u00a0\u00bb0&Prime;]<\/p>\n<p style=\"text-align: center;\"><span style=\"color: #ffffff; font-size: 26px;\">Alors, \u00eates-vous pr\u00eat ?<\/span><\/p>\n<p>[\/et_pb_text][\/et_pb_column][et_pb_column type=\u00a0\u00bb1_2&Prime; _builder_version=\u00a0\u00bb4.9.1&Prime; _module_preset=\u00a0\u00bbdefault\u00a0\u00bb][et_pb_button button_url=\u00a0\u00bb#positions\u00a0\u00bb button_text=\u00a0\u00bbApply Now\u00a0\u00bb button_alignment=\u00a0\u00bbcenter\u00a0\u00bb _builder_version=\u00a0\u00bb4.9.1&Prime; _module_preset=\u00a0\u00bbdefault\u00a0\u00bb custom_button=\u00a0\u00bbon\u00a0\u00bb button_text_color=\u00a0\u00bb#1a3665&Prime; button_bg_color=\u00a0\u00bb#FFFFFF\u00a0\u00bb button_border_color=\u00a0\u00bb#FFFFFF\u00a0\u00bb button_border_radius=\u00a0\u00bb67px\u00a0\u00bb button_font=\u00a0\u00bbArial||||||||\u00a0\u00bb][\/et_pb_button][\/et_pb_column][\/et_pb_row][\/et_pb_section][et_pb_section fb_built=\u00a0\u00bb1&Prime; _builder_version=\u00a0\u00bb4.9.1&Prime; _module_preset=\u00a0\u00bbdefault\u00a0\u00bb][et_pb_row _builder_version=\u00a0\u00bb4.9.1&Prime; _module_preset=\u00a0\u00bbdefault\u00a0\u00bb width=\u00a0\u00bb100%\u00a0\u00bb max_width=\u00a0\u00bb90%\u00a0\u00bb custom_padding=\u00a0\u00bb||27px|||\u00a0\u00bb][et_pb_column type=\u00a0\u00bb4_4&Prime; _builder_version=\u00a0\u00bb4.9.1&Prime; _module_preset=\u00a0\u00bbdefault\u00a0\u00bb][et_pb_text _builder_version=\u00a0\u00bb4.9.1&Prime; _module_preset=\u00a0\u00bbdefault\u00a0\u00bb text_font=\u00a0\u00bbArial||||||||\u00a0\u00bb text_text_color=\u00a0\u00bb#1a3665&Prime; text_font_size=\u00a0\u00bb25px\u00a0\u00bb]<\/p>\n<p>Au sein de Serviops, nous offrons aux membres de notre \u00e9quipe le soutien n\u00e9cessaire \u00e0 leur \u00e9panouissement. Nous cr\u00e9ons un environnement stimulant pour les personnes qui cherchent \u00e0 se perfectionner, le chemin est sem\u00e9 de d\u00e9fis. Cepedant, le fruit m\u00e9rite d&rsquo;\u00eatres sem\u00e9. En tant que professionnels, notre \u00e9quipe a besoin d&rsquo;individus qui sont pr\u00eats \u00e0 relever le d\u00e9fi ; des individus qui partagent nos valeurs, bref, des individus qui n&rsquo;abandonnent pas \u00e0 la premi\u00e8re tourn\u00e9e de mauvais \u00e9v\u00e9nements.<\/p>\n<p>[\/et_pb_text][\/et_pb_column][\/et_pb_row][\/et_pb_section]<\/p>\n","protected":false},"excerpt":{"rendered":"<p>Faites un pas vers la stabilit\u00e9Nous sommes une \u00e9quipe de passionn\u00e9es d\u00e9vou\u00e9es \u00e0 d\u00e9livrer un service client\u00e8le in\u00e9gal\u00e9 et \u00e0 offrir une technologie de pointe. Nous sommes engag\u00e9s \u00e0 vous aider \u00e0 atteindre votre potentiel et \u00e0 vous frayer un chemin dans des environnements professionnels complexes, en vous donnant la possibilit\u00e9 de d\u00e9couvrir votre v\u00e9ritable [&hellip;]<\/p>\n","protected":false},"author":1,"featured_media":0,"parent":0,"menu_order":0,"comment_status":"closed","ping_status":"closed","template":"","meta":{"_et_pb_use_builder":"on","_et_pb_old_content":"","_et_gb_content_width":"","footnotes":""},"class_list":["post-2818","page","type-page","status-publish","hentry"],"yoast_head":"<!-- This site is optimized with the Yoast SEO plugin v26.0 - https:\/\/yoast.com\/wordpress\/plugins\/seo\/ -->\n<title>Offres d&#039;emploi - Serviops Solutions Inc.<\/title>\n<meta name=\"robots\" content=\"index, follow, max-snippet:-1, max-image-preview:large, max-video-preview:-1\" \/>\n<link rel=\"canonical\" href=\"https:\/\/www.serviops.ca\/fr\/offres-demploi\/\" \/>\n<meta property=\"og:locale\" content=\"fr_FR\" \/>\n<meta property=\"og:type\" content=\"article\" \/>\n<meta property=\"og:title\" content=\"Offres d&#039;emploi - Serviops Solutions Inc.\" \/>\n<meta property=\"og:description\" content=\"Faites un pas vers la stabilit\u00e9Nous sommes une \u00e9quipe de passionn\u00e9es d\u00e9vou\u00e9es \u00e0 d\u00e9livrer un service client\u00e8le in\u00e9gal\u00e9 et \u00e0 offrir une technologie de pointe. Nous sommes engag\u00e9s \u00e0 vous aider \u00e0 atteindre votre potentiel et \u00e0 vous frayer un chemin dans des environnements professionnels complexes, en vous donnant la possibilit\u00e9 de d\u00e9couvrir votre v\u00e9ritable [&hellip;]\" \/>\n<meta property=\"og:url\" content=\"https:\/\/www.serviops.ca\/fr\/offres-demploi\/\" \/>\n<meta property=\"og:site_name\" content=\"Serviops Solutions Inc.\" \/>\n<meta property=\"article:publisher\" content=\"https:\/\/www.facebook.com\/serviops\/\" \/>\n<meta name=\"twitter:card\" content=\"summary_large_image\" \/>\n<meta name=\"twitter:site\" content=\"@serviops\" \/>\n<meta name=\"twitter:label1\" content=\"Dur\u00e9e de lecture estim\u00e9e\" \/>\n\t<meta name=\"twitter:data1\" content=\"7 minutes\" \/>\n<script type=\"application\/ld+json\" class=\"yoast-schema-graph\">{\"@context\":\"https:\/\/schema.org\",\"@graph\":[{\"@type\":\"WebPage\",\"@id\":\"https:\/\/www.serviops.ca\/fr\/offres-demploi\/\",\"url\":\"https:\/\/www.serviops.ca\/fr\/offres-demploi\/\",\"name\":\"Offres d'emploi - Serviops Solutions Inc.\",\"isPartOf\":{\"@id\":\"https:\/\/www.serviops.ca\/fr\/#website\"},\"datePublished\":\"2022-04-25T18:54:50+00:00\",\"breadcrumb\":{\"@id\":\"https:\/\/www.serviops.ca\/fr\/offres-demploi\/#breadcrumb\"},\"inLanguage\":\"fr-FR\",\"potentialAction\":[{\"@type\":\"ReadAction\",\"target\":[\"https:\/\/www.serviops.ca\/fr\/offres-demploi\/\"]}]},{\"@type\":\"BreadcrumbList\",\"@id\":\"https:\/\/www.serviops.ca\/fr\/offres-demploi\/#breadcrumb\",\"itemListElement\":[{\"@type\":\"ListItem\",\"position\":1,\"name\":\"Home\",\"item\":\"https:\/\/www.serviops.ca\/fr\/page-daccueil-2\/\"},{\"@type\":\"ListItem\",\"position\":2,\"name\":\"Offres d&#8217;emploi\"}]},{\"@type\":\"WebSite\",\"@id\":\"https:\/\/www.serviops.ca\/fr\/#website\",\"url\":\"https:\/\/www.serviops.ca\/fr\/\",\"name\":\"Serviops Solutions Inc.\",\"description\":\"IT Consultancy and Managed Services\",\"publisher\":{\"@id\":\"https:\/\/www.serviops.ca\/fr\/#organization\"},\"potentialAction\":[{\"@type\":\"SearchAction\",\"target\":{\"@type\":\"EntryPoint\",\"urlTemplate\":\"https:\/\/www.serviops.ca\/fr\/?s={search_term_string}\"},\"query-input\":{\"@type\":\"PropertyValueSpecification\",\"valueRequired\":true,\"valueName\":\"search_term_string\"}}],\"inLanguage\":\"fr-FR\"},{\"@type\":\"Organization\",\"@id\":\"https:\/\/www.serviops.ca\/fr\/#organization\",\"name\":\"Serviops Solutions\",\"url\":\"https:\/\/www.serviops.ca\/fr\/\",\"logo\":{\"@type\":\"ImageObject\",\"inLanguage\":\"fr-FR\",\"@id\":\"https:\/\/www.serviops.ca\/fr\/#\/schema\/logo\/image\/\",\"url\":\"https:\/\/www.serviops.ca\/wp-content\/uploads\/2022\/05\/logo_serviops_whitebg_150x150.png\",\"contentUrl\":\"https:\/\/www.serviops.ca\/wp-content\/uploads\/2022\/05\/logo_serviops_whitebg_150x150.png\",\"width\":150,\"height\":152,\"caption\":\"Serviops Solutions\"},\"image\":{\"@id\":\"https:\/\/www.serviops.ca\/fr\/#\/schema\/logo\/image\/\"},\"sameAs\":[\"https:\/\/www.facebook.com\/serviops\/\",\"https:\/\/x.com\/serviops\",\"https:\/\/www.linkedin.com\/company\/10183162\"]}]}<\/script>\n<!-- \/ Yoast SEO plugin. -->","yoast_head_json":{"title":"Offres d'emploi - Serviops Solutions Inc.","robots":{"index":"index","follow":"follow","max-snippet":"max-snippet:-1","max-image-preview":"max-image-preview:large","max-video-preview":"max-video-preview:-1"},"canonical":"https:\/\/www.serviops.ca\/fr\/offres-demploi\/","og_locale":"fr_FR","og_type":"article","og_title":"Offres d'emploi - Serviops Solutions Inc.","og_description":"Faites un pas vers la stabilit\u00e9Nous sommes une \u00e9quipe de passionn\u00e9es d\u00e9vou\u00e9es \u00e0 d\u00e9livrer un service client\u00e8le in\u00e9gal\u00e9 et \u00e0 offrir une technologie de pointe. Nous sommes engag\u00e9s \u00e0 vous aider \u00e0 atteindre votre potentiel et \u00e0 vous frayer un chemin dans des environnements professionnels complexes, en vous donnant la possibilit\u00e9 de d\u00e9couvrir votre v\u00e9ritable [&hellip;]","og_url":"https:\/\/www.serviops.ca\/fr\/offres-demploi\/","og_site_name":"Serviops Solutions Inc.","article_publisher":"https:\/\/www.facebook.com\/serviops\/","twitter_card":"summary_large_image","twitter_site":"@serviops","twitter_misc":{"Dur\u00e9e de lecture estim\u00e9e":"7 minutes"},"schema":{"@context":"https:\/\/schema.org","@graph":[{"@type":"WebPage","@id":"https:\/\/www.serviops.ca\/fr\/offres-demploi\/","url":"https:\/\/www.serviops.ca\/fr\/offres-demploi\/","name":"Offres d'emploi - Serviops Solutions Inc.","isPartOf":{"@id":"https:\/\/www.serviops.ca\/fr\/#website"},"datePublished":"2022-04-25T18:54:50+00:00","breadcrumb":{"@id":"https:\/\/www.serviops.ca\/fr\/offres-demploi\/#breadcrumb"},"inLanguage":"fr-FR","potentialAction":[{"@type":"ReadAction","target":["https:\/\/www.serviops.ca\/fr\/offres-demploi\/"]}]},{"@type":"BreadcrumbList","@id":"https:\/\/www.serviops.ca\/fr\/offres-demploi\/#breadcrumb","itemListElement":[{"@type":"ListItem","position":1,"name":"Home","item":"https:\/\/www.serviops.ca\/fr\/page-daccueil-2\/"},{"@type":"ListItem","position":2,"name":"Offres d&#8217;emploi"}]},{"@type":"WebSite","@id":"https:\/\/www.serviops.ca\/fr\/#website","url":"https:\/\/www.serviops.ca\/fr\/","name":"Serviops Solutions Inc.","description":"IT Consultancy and Managed Services","publisher":{"@id":"https:\/\/www.serviops.ca\/fr\/#organization"},"potentialAction":[{"@type":"SearchAction","target":{"@type":"EntryPoint","urlTemplate":"https:\/\/www.serviops.ca\/fr\/?s={search_term_string}"},"query-input":{"@type":"PropertyValueSpecification","valueRequired":true,"valueName":"search_term_string"}}],"inLanguage":"fr-FR"},{"@type":"Organization","@id":"https:\/\/www.serviops.ca\/fr\/#organization","name":"Serviops Solutions","url":"https:\/\/www.serviops.ca\/fr\/","logo":{"@type":"ImageObject","inLanguage":"fr-FR","@id":"https:\/\/www.serviops.ca\/fr\/#\/schema\/logo\/image\/","url":"https:\/\/www.serviops.ca\/wp-content\/uploads\/2022\/05\/logo_serviops_whitebg_150x150.png","contentUrl":"https:\/\/www.serviops.ca\/wp-content\/uploads\/2022\/05\/logo_serviops_whitebg_150x150.png","width":150,"height":152,"caption":"Serviops Solutions"},"image":{"@id":"https:\/\/www.serviops.ca\/fr\/#\/schema\/logo\/image\/"},"sameAs":["https:\/\/www.facebook.com\/serviops\/","https:\/\/x.com\/serviops","https:\/\/www.linkedin.com\/company\/10183162"]}]}},"jetpack_sharing_enabled":true,"_links":{"self":[{"href":"https:\/\/www.serviops.ca\/fr\/wp-json\/wp\/v2\/pages\/2818","targetHints":{"allow":["GET"]}}],"collection":[{"href":"https:\/\/www.serviops.ca\/fr\/wp-json\/wp\/v2\/pages"}],"about":[{"href":"https:\/\/www.serviops.ca\/fr\/wp-json\/wp\/v2\/types\/page"}],"author":[{"embeddable":true,"href":"https:\/\/www.serviops.ca\/fr\/wp-json\/wp\/v2\/users\/1"}],"replies":[{"embeddable":true,"href":"https:\/\/www.serviops.ca\/fr\/wp-json\/wp\/v2\/comments?post=2818"}],"version-history":[{"count":0,"href":"https:\/\/www.serviops.ca\/fr\/wp-json\/wp\/v2\/pages\/2818\/revisions"}],"wp:attachment":[{"href":"https:\/\/www.serviops.ca\/fr\/wp-json\/wp\/v2\/media?parent=2818"}],"curies":[{"name":"wp","href":"https:\/\/api.w.org\/{rel}","templated":true}]}}