{"id":2828,"date":"2022-05-03T08:49:08","date_gmt":"2022-05-03T13:49:08","guid":{"rendered":"https:\/\/www.serviops.ca\/partenaires\/"},"modified":"2022-05-03T08:49:08","modified_gmt":"2022-05-03T13:49:08","slug":"partenaires","status":"publish","type":"page","link":"https:\/\/www.serviops.ca\/fr\/partenaires\/","title":{"rendered":"Partenaires"},"content":{"rendered":"<p>[et_pb_section fb_built=\u00a0\u00bb1&Prime; fullwidth=\u00a0\u00bbon\u00a0\u00bb _builder_version=\u00a0\u00bb3.22.3&Prime;][et_pb_fullwidth_slider _builder_version=\u00a0\u00bb3.25.4&Prime; header_font=\u00a0\u00bb||||||||\u00a0\u00bb hover_enabled=\u00a0\u00bb0&Prime;][et_pb_slide heading=\u00a0\u00bbOUR PARTNERS\u00a0\u00bb _builder_version=\u00a0\u00bb4.4.7&Prime; header_level=\u00a0\u00bbh1&Prime; header_font=\u00a0\u00bb|700|||||||\u00a0\u00bb header_text_color=\u00a0\u00bb#ffffff\u00a0\u00bb background_image=\u00a0\u00bbhttps:\/\/www.serviops.ca\/wp-content\/uploads\/2020\/03\/SERVIOPS-PARTNERS-COVER-1.png\u00a0\u00bb hover_enabled=\u00a0\u00bb0&Prime;][\/et_pb_slide][\/et_pb_fullwidth_slider][\/et_pb_section][et_pb_section fb_built=\u00a0\u00bb1&Prime; _builder_version=\u00a0\u00bb3.22.3&Prime; custom_padding=\u00a0\u00bb0|0px|0|0px|false|false\u00a0\u00bb][et_pb_row _builder_version=\u00a0\u00bb3.25&Prime; custom_padding=\u00a0\u00bb51px|0px|27px|0px|false|false\u00a0\u00bb][et_pb_column type=\u00a0\u00bb4_4&Prime; _builder_version=\u00a0\u00bb3.25&Prime; custom_padding=\u00a0\u00bb|||\u00a0\u00bb custom_padding__hover=\u00a0\u00bb|||\u00a0\u00bb][et_pb_text _builder_version=\u00a0\u00bb3.27.4&Prime;]<\/p>\n<p style=\"font-size: 32px; line-height: 38px; text-align: center;\">Nous sommes toujours \u00e0 la recherche de partenariats avec les pionniers de la technologie, afin de servir nos clients de la meilleure fa\u00e7on possible.<\/p>\n<p>[\/et_pb_text][\/et_pb_column][\/et_pb_row][\/et_pb_section][et_pb_section fb_built=\u00a0\u00bb1&Prime; _builder_version=\u00a0\u00bb3.22.3&Prime;][et_pb_row column_structure=\u00a0\u00bb2_5,3_5&Prime; _builder_version=\u00a0\u00bb3.25&Prime;][et_pb_column type=\u00a0\u00bb2_5&Prime; _builder_version=\u00a0\u00bb3.25&Prime; custom_padding=\u00a0\u00bb|||\u00a0\u00bb custom_padding__hover=\u00a0\u00bb|||\u00a0\u00bb][et_pb_image src=\u00a0\u00bbhttps:\/\/www.serviops.ca\/wp-content\/uploads\/2019\/03\/Amazon_Web_Services_Logo.png\u00a0\u00bb alt=\u00a0\u00bbaws logo\u00a0\u00bb show_bottom_space=\u00a0\u00bboff\u00a0\u00bb align=\u00a0\u00bbcenter\u00a0\u00bb align_tablet=\u00a0\u00bbcenter\u00a0\u00bb align_phone=\u00a0\u00bb\u00a0\u00bb align_last_edited=\u00a0\u00bbon|desktop\u00a0\u00bb admin_label=\u00a0\u00bbaws-apn\u00a0\u00bb _builder_version=\u00a0\u00bb3.23&Prime; max_width=\u00a0\u00bb70%\u00a0\u00bb use_border_color=\u00a0\u00bboff\u00a0\u00bb border_color=\u00a0\u00bb#ffffff\u00a0\u00bb border_style=\u00a0\u00bbsolid\u00a0\u00bb animation=\u00a0\u00bboff\u00a0\u00bb sticky=\u00a0\u00bbon\u00a0\u00bb][\/et_pb_image][\/et_pb_column][et_pb_column type=\u00a0\u00bb3_5&Prime; _builder_version=\u00a0\u00bb3.25&Prime; custom_padding=\u00a0\u00bb|||\u00a0\u00bb custom_padding__hover=\u00a0\u00bb|||\u00a0\u00bb][et_pb_text admin_label=\u00a0\u00bbText\u00a0\u00bb _builder_version=\u00a0\u00bb3.27.4&Prime; background_size=\u00a0\u00bbinitial\u00a0\u00bb background_position=\u00a0\u00bbtop_left\u00a0\u00bb background_repeat=\u00a0\u00bbrepeat\u00a0\u00bb custom_padding=\u00a0\u00bb0px|||||\u00a0\u00bb use_border_color=\u00a0\u00bboff\u00a0\u00bb border_color=\u00a0\u00bb#ffffff\u00a0\u00bb border_style=\u00a0\u00bbsolid\u00a0\u00bb]<\/p>\n<p style=\"text-align: justify;\"><b>AMAZON WEB SERVICES (AWS)<\/b>est une <strong>filiale d&rsquo;Amazon<\/strong> qui offre un l<strong>arge \u00e9ventail de services mondiaux bas\u00e9s sur le nuage<\/strong>. Qu&rsquo;il s&rsquo;agisse de calcul, de stockage, de bases de donn\u00e9es, d&rsquo;analyse, de mise en r\u00e9seau ou d&rsquo;outils de d\u00e9veloppement et de d\u00e9ploiement, les nouveaux services peuvent \u00eatre mis en place <strong>rapidement, sans d\u00e9penses d&rsquo;investissement initiales<\/strong>. AWS couvre <strong>20 r\u00e9gions dans le monde<\/strong>, ce qui permet aux entreprises de <strong>tirer parti de la puissance du cloud<\/strong>, quel que soit l&rsquo;endroit o\u00f9 elles sont bas\u00e9es dans le monde, et quelle que soit la taille de leur \u00e9quipe.<\/p>\n<p>[\/et_pb_text][\/et_pb_column][\/et_pb_row][\/et_pb_section][et_pb_section fb_built=\u00a0\u00bb1&Prime; _builder_version=\u00a0\u00bb3.22.3&Prime;][et_pb_row column_structure=\u00a0\u00bb2_5,3_5&Prime; _builder_version=\u00a0\u00bb3.25&Prime;][et_pb_column type=\u00a0\u00bb2_5&Prime; _builder_version=\u00a0\u00bb3.25&Prime; custom_padding=\u00a0\u00bb|||\u00a0\u00bb custom_padding__hover=\u00a0\u00bb|||\u00a0\u00bb][et_pb_image src=\u00a0\u00bbhttps:\/\/www.serviops.ca\/wp-content\/uploads\/2015\/11\/Cloudflare_logo.svg_.png\u00a0\u00bb alt=\u00a0\u00bbcloudflare logo\u00a0\u00bb show_bottom_space=\u00a0\u00bboff\u00a0\u00bb align=\u00a0\u00bbcenter\u00a0\u00bb align_tablet=\u00a0\u00bbcenter\u00a0\u00bb align_phone=\u00a0\u00bb\u00a0\u00bb align_last_edited=\u00a0\u00bbon|desktop\u00a0\u00bb admin_label=\u00a0\u00bbCloudflare\u00a0\u00bb _builder_version=\u00a0\u00bb3.23&Prime; use_border_color=\u00a0\u00bboff\u00a0\u00bb border_color=\u00a0\u00bb#ffffff\u00a0\u00bb border_style=\u00a0\u00bbsolid\u00a0\u00bb animation=\u00a0\u00bboff\u00a0\u00bb sticky=\u00a0\u00bbon\u00a0\u00bb][\/et_pb_image][\/et_pb_column][et_pb_column type=\u00a0\u00bb3_5&Prime; _builder_version=\u00a0\u00bb3.25&Prime; custom_padding=\u00a0\u00bb|||\u00a0\u00bb custom_padding__hover=\u00a0\u00bb|||\u00a0\u00bb][et_pb_text admin_label=\u00a0\u00bbText\u00a0\u00bb _builder_version=\u00a0\u00bb3.27.4&Prime; background_size=\u00a0\u00bbinitial\u00a0\u00bb background_position=\u00a0\u00bbtop_left\u00a0\u00bb background_repeat=\u00a0\u00bbrepeat\u00a0\u00bb custom_margin=\u00a0\u00bb11px|||||\u00a0\u00bb custom_padding=\u00a0\u00bb1px|||||\u00a0\u00bb use_border_color=\u00a0\u00bboff\u00a0\u00bb border_color=\u00a0\u00bb#ffffff\u00a0\u00bb border_style=\u00a0\u00bbsolid\u00a0\u00bb]<\/p>\n<p style=\"text-align: justify;\"><strong>CLOUDFLARE, INC<\/strong>. est une soci\u00e9t\u00e9 am\u00e9ricaine qui fournit des services <strong>RDC (R\u00e9seau de diffusion de contenu), des services de s\u00e9curit\u00e9 Internet et des services de serveurs<\/strong> de noms de domaine distribu\u00e9s, se situant entre le visiteur et le fournisseur d&rsquo;h\u00e9bergement de l&rsquo;utilisateur de Cloudflare, agissant comme <strong>un proxy inverse pour les sites Web<\/strong>. Cloudflare dispose d&rsquo;un si\u00e8ge social \u00e0 San Francisco, en Californie, et de bureaux suppl\u00e9mentaires \u00e0 Londres, Singapour, Champaign, Austin et Boston.<\/p>\n<p>[\/et_pb_text][\/et_pb_column][\/et_pb_row][\/et_pb_section][et_pb_section fb_built=\u00a0\u00bb1&Prime; _builder_version=\u00a0\u00bb3.22.3&Prime;][et_pb_row column_structure=\u00a0\u00bb2_5,3_5&Prime; _builder_version=\u00a0\u00bb3.25&Prime;][et_pb_column type=\u00a0\u00bb2_5&Prime; _builder_version=\u00a0\u00bb3.25&Prime; custom_padding=\u00a0\u00bb|||\u00a0\u00bb custom_padding__hover=\u00a0\u00bb|||\u00a0\u00bb][et_pb_image src=\u00a0\u00bbhttps:\/\/www.serviops.ca\/wp-content\/uploads\/2019\/03\/sumo-logic.png\u00a0\u00bb alt=\u00a0\u00bbsumologic logo\u00a0\u00bb show_bottom_space=\u00a0\u00bboff\u00a0\u00bb align=\u00a0\u00bbcenter\u00a0\u00bb align_tablet=\u00a0\u00bbcenter\u00a0\u00bb align_phone=\u00a0\u00bb\u00a0\u00bb align_last_edited=\u00a0\u00bbon|desktop\u00a0\u00bb admin_label=\u00a0\u00bbaws-apn\u00a0\u00bb _builder_version=\u00a0\u00bb3.23&Prime; min_height=\u00a0\u00bb228px\u00a0\u00bb custom_padding=\u00a0\u00bb0px||0px|||\u00a0\u00bb use_border_color=\u00a0\u00bboff\u00a0\u00bb border_color=\u00a0\u00bb#ffffff\u00a0\u00bb border_style=\u00a0\u00bbsolid\u00a0\u00bb animation=\u00a0\u00bboff\u00a0\u00bb sticky=\u00a0\u00bbon\u00a0\u00bb][\/et_pb_image][\/et_pb_column][et_pb_column type=\u00a0\u00bb3_5&Prime; _builder_version=\u00a0\u00bb3.25&Prime; custom_padding=\u00a0\u00bb|||\u00a0\u00bb custom_padding__hover=\u00a0\u00bb|||\u00a0\u00bb][et_pb_text admin_label=\u00a0\u00bbText\u00a0\u00bb _builder_version=\u00a0\u00bb3.27.4&Prime; background_size=\u00a0\u00bbinitial\u00a0\u00bb background_position=\u00a0\u00bbtop_left\u00a0\u00bb background_repeat=\u00a0\u00bbrepeat\u00a0\u00bb min_height=\u00a0\u00bb140px\u00a0\u00bb custom_margin=\u00a0\u00bb8px|||||\u00a0\u00bb custom_padding=\u00a0\u00bb19px|||||\u00a0\u00bb use_border_color=\u00a0\u00bboff\u00a0\u00bb border_color=\u00a0\u00bb#ffffff\u00a0\u00bb border_style=\u00a0\u00bbsolid\u00a0\u00bb]<\/p>\n<p style=\"text-align: justify;\"><strong>SUMO LOGIC<\/strong> est <strong>la seule plateforme d&rsquo;analyse de donn\u00e9es machine en temps r\u00e9el<\/strong>, native dans le nuage, qui se concentre sur la fourniture d&rsquo;informations continues tout au long des \u00e9tapes de construction d&rsquo;une application moderne. Cloudflare <strong>simplifie \u00e9galement la collecte et l&rsquo;analyse des donn\u00e9es machine<\/strong> afin que votre \u00e9quipe obtienne les informations dont elle a besoin pour <strong>offrir la meilleure exp\u00e9rience<\/strong>client possible sur votre application.<\/p>\n<p>[\/et_pb_text][\/et_pb_column][\/et_pb_row][\/et_pb_section][et_pb_section fb_built=\u00a0\u00bb1&Prime; fullwidth=\u00a0\u00bbon\u00a0\u00bb _builder_version=\u00a0\u00bb3.25.4&Prime;][\/et_pb_section]<\/p>\n","protected":false},"excerpt":{"rendered":"<p>Nous sommes toujours \u00e0 la recherche de partenariats avec les pionniers de la technologie, afin de servir nos clients de la meilleure fa\u00e7on possible.AMAZON WEB SERVICES (AWS)est une filiale d&rsquo;Amazon qui offre un large \u00e9ventail de services mondiaux bas\u00e9s sur le nuage. Qu&rsquo;il s&rsquo;agisse de calcul, de stockage, de bases de donn\u00e9es, d&rsquo;analyse, de mise [&hellip;]<\/p>\n","protected":false},"author":1,"featured_media":0,"parent":0,"menu_order":0,"comment_status":"open","ping_status":"closed","template":"","meta":{"_et_pb_use_builder":"on","_et_pb_old_content":"","_et_gb_content_width":"","footnotes":""},"class_list":["post-2828","page","type-page","status-publish","hentry"],"yoast_head":"<!-- This site is optimized with the Yoast SEO plugin v27.4 - https:\/\/yoast.com\/product\/yoast-seo-wordpress\/ -->\n<title>Partenaires - Serviops Solutions Inc.<\/title>\n<meta name=\"robots\" content=\"index, follow, max-snippet:-1, max-image-preview:large, max-video-preview:-1\" \/>\n<link rel=\"canonical\" href=\"https:\/\/www.serviops.ca\/fr\/partenaires\/\" \/>\n<meta property=\"og:locale\" content=\"fr_FR\" \/>\n<meta property=\"og:type\" content=\"article\" \/>\n<meta property=\"og:title\" content=\"Partenaires - Serviops Solutions Inc.\" \/>\n<meta property=\"og:description\" content=\"Nous sommes toujours \u00e0 la recherche de partenariats avec les pionniers de la technologie, afin de servir nos clients de la meilleure fa\u00e7on possible.AMAZON WEB SERVICES (AWS)est une filiale d&#039;Amazon qui offre un large \u00e9ventail de services mondiaux bas\u00e9s sur le nuage. Qu&#039;il s&#039;agisse de calcul, de stockage, de bases de donn\u00e9es, d&#039;analyse, de mise [&hellip;]\" \/>\n<meta property=\"og:url\" content=\"https:\/\/www.serviops.ca\/fr\/partenaires\/\" \/>\n<meta property=\"og:site_name\" content=\"Serviops Solutions Inc.\" \/>\n<meta property=\"article:publisher\" content=\"https:\/\/www.facebook.com\/serviops\/\" \/>\n<meta name=\"twitter:card\" content=\"summary_large_image\" \/>\n<meta name=\"twitter:site\" content=\"@serviops\" \/>\n<meta name=\"twitter:label1\" content=\"Dur\u00e9e de lecture estim\u00e9e\" \/>\n\t<meta name=\"twitter:data1\" content=\"4 minutes\" \/>\n<script type=\"application\/ld+json\" class=\"yoast-schema-graph\">{\"@context\":\"https:\\\/\\\/schema.org\",\"@graph\":[{\"@type\":\"WebPage\",\"@id\":\"https:\\\/\\\/www.serviops.ca\\\/fr\\\/partenaires\\\/\",\"url\":\"https:\\\/\\\/www.serviops.ca\\\/fr\\\/partenaires\\\/\",\"name\":\"Partenaires - Serviops Solutions Inc.\",\"isPartOf\":{\"@id\":\"https:\\\/\\\/www.serviops.ca\\\/fr\\\/#website\"},\"datePublished\":\"2022-05-03T13:49:08+00:00\",\"breadcrumb\":{\"@id\":\"https:\\\/\\\/www.serviops.ca\\\/fr\\\/partenaires\\\/#breadcrumb\"},\"inLanguage\":\"fr-FR\",\"potentialAction\":[{\"@type\":\"ReadAction\",\"target\":[\"https:\\\/\\\/www.serviops.ca\\\/fr\\\/partenaires\\\/\"]}]},{\"@type\":\"BreadcrumbList\",\"@id\":\"https:\\\/\\\/www.serviops.ca\\\/fr\\\/partenaires\\\/#breadcrumb\",\"itemListElement\":[{\"@type\":\"ListItem\",\"position\":1,\"name\":\"Home\",\"item\":\"https:\\\/\\\/www.serviops.ca\\\/fr\\\/page-daccueil-2\\\/\"},{\"@type\":\"ListItem\",\"position\":2,\"name\":\"Partenaires\"}]},{\"@type\":\"WebSite\",\"@id\":\"https:\\\/\\\/www.serviops.ca\\\/fr\\\/#website\",\"url\":\"https:\\\/\\\/www.serviops.ca\\\/fr\\\/\",\"name\":\"Serviops Solutions Inc.\",\"description\":\"IT Consultancy and Managed Services\",\"publisher\":{\"@id\":\"https:\\\/\\\/www.serviops.ca\\\/fr\\\/#organization\"},\"potentialAction\":[{\"@type\":\"SearchAction\",\"target\":{\"@type\":\"EntryPoint\",\"urlTemplate\":\"https:\\\/\\\/www.serviops.ca\\\/fr\\\/?s={search_term_string}\"},\"query-input\":{\"@type\":\"PropertyValueSpecification\",\"valueRequired\":true,\"valueName\":\"search_term_string\"}}],\"inLanguage\":\"fr-FR\"},{\"@type\":\"Organization\",\"@id\":\"https:\\\/\\\/www.serviops.ca\\\/fr\\\/#organization\",\"name\":\"Serviops Solutions\",\"url\":\"https:\\\/\\\/www.serviops.ca\\\/fr\\\/\",\"logo\":{\"@type\":\"ImageObject\",\"inLanguage\":\"fr-FR\",\"@id\":\"https:\\\/\\\/www.serviops.ca\\\/fr\\\/#\\\/schema\\\/logo\\\/image\\\/\",\"url\":\"https:\\\/\\\/www.serviops.ca\\\/wp-content\\\/uploads\\\/2022\\\/05\\\/logo_serviops_whitebg_150x150.png\",\"contentUrl\":\"https:\\\/\\\/www.serviops.ca\\\/wp-content\\\/uploads\\\/2022\\\/05\\\/logo_serviops_whitebg_150x150.png\",\"width\":150,\"height\":152,\"caption\":\"Serviops Solutions\"},\"image\":{\"@id\":\"https:\\\/\\\/www.serviops.ca\\\/fr\\\/#\\\/schema\\\/logo\\\/image\\\/\"},\"sameAs\":[\"https:\\\/\\\/www.facebook.com\\\/serviops\\\/\",\"https:\\\/\\\/x.com\\\/serviops\",\"https:\\\/\\\/www.linkedin.com\\\/company\\\/10183162\"]}]}<\/script>\n<!-- \/ Yoast SEO plugin. -->","yoast_head_json":{"title":"Partenaires - Serviops Solutions Inc.","robots":{"index":"index","follow":"follow","max-snippet":"max-snippet:-1","max-image-preview":"max-image-preview:large","max-video-preview":"max-video-preview:-1"},"canonical":"https:\/\/www.serviops.ca\/fr\/partenaires\/","og_locale":"fr_FR","og_type":"article","og_title":"Partenaires - Serviops Solutions Inc.","og_description":"Nous sommes toujours \u00e0 la recherche de partenariats avec les pionniers de la technologie, afin de servir nos clients de la meilleure fa\u00e7on possible.AMAZON WEB SERVICES (AWS)est une filiale d'Amazon qui offre un large \u00e9ventail de services mondiaux bas\u00e9s sur le nuage. Qu'il s'agisse de calcul, de stockage, de bases de donn\u00e9es, d'analyse, de mise [&hellip;]","og_url":"https:\/\/www.serviops.ca\/fr\/partenaires\/","og_site_name":"Serviops Solutions Inc.","article_publisher":"https:\/\/www.facebook.com\/serviops\/","twitter_card":"summary_large_image","twitter_site":"@serviops","twitter_misc":{"Dur\u00e9e de lecture estim\u00e9e":"4 minutes"},"schema":{"@context":"https:\/\/schema.org","@graph":[{"@type":"WebPage","@id":"https:\/\/www.serviops.ca\/fr\/partenaires\/","url":"https:\/\/www.serviops.ca\/fr\/partenaires\/","name":"Partenaires - Serviops Solutions Inc.","isPartOf":{"@id":"https:\/\/www.serviops.ca\/fr\/#website"},"datePublished":"2022-05-03T13:49:08+00:00","breadcrumb":{"@id":"https:\/\/www.serviops.ca\/fr\/partenaires\/#breadcrumb"},"inLanguage":"fr-FR","potentialAction":[{"@type":"ReadAction","target":["https:\/\/www.serviops.ca\/fr\/partenaires\/"]}]},{"@type":"BreadcrumbList","@id":"https:\/\/www.serviops.ca\/fr\/partenaires\/#breadcrumb","itemListElement":[{"@type":"ListItem","position":1,"name":"Home","item":"https:\/\/www.serviops.ca\/fr\/page-daccueil-2\/"},{"@type":"ListItem","position":2,"name":"Partenaires"}]},{"@type":"WebSite","@id":"https:\/\/www.serviops.ca\/fr\/#website","url":"https:\/\/www.serviops.ca\/fr\/","name":"Serviops Solutions Inc.","description":"IT Consultancy and Managed Services","publisher":{"@id":"https:\/\/www.serviops.ca\/fr\/#organization"},"potentialAction":[{"@type":"SearchAction","target":{"@type":"EntryPoint","urlTemplate":"https:\/\/www.serviops.ca\/fr\/?s={search_term_string}"},"query-input":{"@type":"PropertyValueSpecification","valueRequired":true,"valueName":"search_term_string"}}],"inLanguage":"fr-FR"},{"@type":"Organization","@id":"https:\/\/www.serviops.ca\/fr\/#organization","name":"Serviops Solutions","url":"https:\/\/www.serviops.ca\/fr\/","logo":{"@type":"ImageObject","inLanguage":"fr-FR","@id":"https:\/\/www.serviops.ca\/fr\/#\/schema\/logo\/image\/","url":"https:\/\/www.serviops.ca\/wp-content\/uploads\/2022\/05\/logo_serviops_whitebg_150x150.png","contentUrl":"https:\/\/www.serviops.ca\/wp-content\/uploads\/2022\/05\/logo_serviops_whitebg_150x150.png","width":150,"height":152,"caption":"Serviops Solutions"},"image":{"@id":"https:\/\/www.serviops.ca\/fr\/#\/schema\/logo\/image\/"},"sameAs":["https:\/\/www.facebook.com\/serviops\/","https:\/\/x.com\/serviops","https:\/\/www.linkedin.com\/company\/10183162"]}]}},"jetpack_sharing_enabled":true,"_links":{"self":[{"href":"https:\/\/www.serviops.ca\/fr\/wp-json\/wp\/v2\/pages\/2828","targetHints":{"allow":["GET"]}}],"collection":[{"href":"https:\/\/www.serviops.ca\/fr\/wp-json\/wp\/v2\/pages"}],"about":[{"href":"https:\/\/www.serviops.ca\/fr\/wp-json\/wp\/v2\/types\/page"}],"author":[{"embeddable":true,"href":"https:\/\/www.serviops.ca\/fr\/wp-json\/wp\/v2\/users\/1"}],"replies":[{"embeddable":true,"href":"https:\/\/www.serviops.ca\/fr\/wp-json\/wp\/v2\/comments?post=2828"}],"version-history":[{"count":0,"href":"https:\/\/www.serviops.ca\/fr\/wp-json\/wp\/v2\/pages\/2828\/revisions"}],"wp:attachment":[{"href":"https:\/\/www.serviops.ca\/fr\/wp-json\/wp\/v2\/media?parent=2828"}],"curies":[{"name":"wp","href":"https:\/\/api.w.org\/{rel}","templated":true}]}}