{"id":3312,"date":"2022-06-20T09:28:39","date_gmt":"2022-06-20T14:28:39","guid":{"rendered":"https:\/\/www.serviops.ca\/page-daccueil-2\/"},"modified":"2022-06-20T09:28:39","modified_gmt":"2022-06-20T14:28:39","slug":"page-daccueil-2","status":"publish","type":"page","link":"https:\/\/www.serviops.ca\/fr\/","title":{"rendered":"Page d&rsquo;accueil"},"content":{"rendered":"<p>[et_pb_section fb_built=\u00a0\u00bb1&Prime; fullwidth=\u00a0\u00bbon\u00a0\u00bb _builder_version=\u00a0\u00bb3.25.4&Prime;][et_pb_fullwidth_slider _builder_version=\u00a0\u00bb3.25.4&Prime; header_font=\u00a0\u00bb||||||||\u00a0\u00bb body_font=\u00a0\u00bb||||||||\u00a0\u00bb custom_padding=\u00a0\u00bb202px|||||\u00a0\u00bb header_font_size_tablet=\u00a0\u00bb33px\u00a0\u00bb header_font_size_phone=\u00a0\u00bb\u00a0\u00bb header_font_size_last_edited=\u00a0\u00bbon|phone\u00a0\u00bb][et_pb_slide heading=\u00a0\u00bbPROFESSIONAL SERVICES + CLOUD MIGRATION\u00a0\u00bb _builder_version=\u00a0\u00bb3.25.4&Prime; header_level=\u00a0\u00bbh1&Prime; header_font=\u00a0\u00bb|700|||||||\u00a0\u00bb header_font_size=\u00a0\u00bb48px\u00a0\u00bb body_font=\u00a0\u00bb|600|||||||\u00a0\u00bb body_font_size=\u00a0\u00bb22px\u00a0\u00bb background_image=\u00a0\u00bbhttps:\/\/www.serviops.ca\/wp-content\/uploads\/2020\/03\/SERVIOPS-Home-Page-Banner.png\u00a0\u00bb header_font_size_tablet=\u00a0\u00bb\u00a0\u00bb header_font_size_phone=\u00a0\u00bb30px\u00a0\u00bb header_font_size_last_edited=\u00a0\u00bbon|phone\u00a0\u00bb body_font_size_tablet=\u00a0\u00bb18px\u00a0\u00bb body_font_size_phone=\u00a0\u00bb16px\u00a0\u00bb body_font_size_last_edited=\u00a0\u00bbon|phone\u00a0\u00bb sticky_transition=\u00a0\u00bbon\u00a0\u00bb]<\/p>\n<p style=\"text-align: center;\">PERFORMANCES, S\u00c9CURIT\u00c9 ET FIABILIT\u00c9 ULTIMES<\/p>\n<p>[\/et_pb_slide][\/et_pb_fullwidth_slider][\/et_pb_section][et_pb_section fb_built=\u00a0\u00bb1&Prime; _builder_version=\u00a0\u00bb3.22.3&Prime; custom_padding=\u00a0\u00bb54px|0px|55px|0px|false|false\u00a0\u00bb][et_pb_row column_structure=\u00a0\u00bb1_2,1_2&Prime; _builder_version=\u00a0\u00bb3.25&Prime; custom_padding=\u00a0\u00bb0|0px|0|0px|false|false\u00a0\u00bb][et_pb_column type=\u00a0\u00bb1_2&Prime; _builder_version=\u00a0\u00bb3.25&Prime; custom_padding=\u00a0\u00bb|||\u00a0\u00bb custom_padding__hover=\u00a0\u00bb|||\u00a0\u00bb][et_pb_text _builder_version=\u00a0\u00bb3.27.4&Prime; text_font=\u00a0\u00bb||||||||\u00a0\u00bb text_text_color=\u00a0\u00bb#000000&Prime;]<\/p>\n<p style=\"font-size: 32px; line-height: 38px; text-align: center;\">MIGRER-VOUS VERS LE CLOUD ? Nous sommes l\u00e0 pour vous aider!<\/p>\n<p>[\/et_pb_text][\/et_pb_column][et_pb_column type=\u00a0\u00bb1_2&Prime; _builder_version=\u00a0\u00bb3.25.4&Prime;][\/et_pb_column][\/et_pb_row][\/et_pb_section][et_pb_section fb_built=\u00a0\u00bb1&Prime; _builder_version=\u00a0\u00bb3.22.3&Prime; custom_padding=\u00a0\u00bb0|0px|0|0px|false|false\u00a0\u00bb][et_pb_row column_structure=\u00a0\u00bb1_2,1_2&Prime; _builder_version=\u00a0\u00bb3.25&Prime; custom_padding=\u00a0\u00bb0|0px|27px|0px|false|false\u00a0\u00bb][et_pb_column type=\u00a0\u00bb1_2&Prime; _builder_version=\u00a0\u00bb3.25&Prime; custom_padding=\u00a0\u00bb|||\u00a0\u00bb custom_padding__hover=\u00a0\u00bb|||\u00a0\u00bb][et_pb_image src=\u00a0\u00bbhttps:\/\/www.serviops.ca\/wp-content\/uploads\/2019\/03\/cloud9.png\u00a0\u00bb alt=\u00a0\u00bbsolutions de fournisseurs de cloud computing\u00a0\u00bb align_tablet=\u00a0\u00bbcenter\u00a0\u00bb align_phone=\u00a0\u00bb\u00a0\u00bb align_last_edited=\u00a0\u00bbon|desktop\u00a0\u00bb _builder_version=\u00a0\u00bb3.23&Prime;][\/et_pb_image][\/et_pb_column][et_pb_column type=\u00a0\u00bb1_2&Prime; _builder_version=\u00a0\u00bb3.25&Prime; custom_padding=\u00a0\u00bb|||\u00a0\u00bb custom_padding__hover=\u00a0\u00bb|||\u00a0\u00bb][et_pb_text _builder_version=\u00a0\u00bb3.27.4&Prime;]<\/p>\n<h1><strong>TECHNOLOGIES DU CLOUD<\/strong><\/h1>\n<p>[\/et_pb_text][et_pb_text _builder_version=\u00a0\u00bb3.27.4&Prime;]<\/p>\n<p style=\"text-align: justify;\">Serviops propose des services reposant sur plusieurs fournisseurs de cloud computing, dont <strong>Amazon Web Services (AWS), Google Cloud Platform (GCP) et Microsoft Azure.<\/strong> Cela donne \u00e0 nos clients la possibilit\u00e9 <strong>de choisir la solution qui leur convient le mieux.<\/strong> Nous travaillons sur des configurations hybrides entre diff\u00e9rents fournisseurs de clouds, et nous avons l&rsquo;exp\u00e9rience n\u00e9cessaire pour aider nos clients \u00e0 choisir la <strong>solution de cloud optimale, garantissant une adaptation parfaite<\/strong> \u00e0 leurs besoins en termes d&rsquo;applications.<\/p>\n<p>[\/et_pb_text][\/et_pb_column][\/et_pb_row][et_pb_row column_structure=\u00a0\u00bb1_2,1_2&Prime; _builder_version=\u00a0\u00bb3.25&Prime;][et_pb_column type=\u00a0\u00bb1_2&Prime; _builder_version=\u00a0\u00bb3.25&Prime; custom_padding=\u00a0\u00bb|||\u00a0\u00bb custom_padding__hover=\u00a0\u00bb|||\u00a0\u00bb][et_pb_text _builder_version=\u00a0\u00bb3.27.4&Prime;]<\/p>\n<h1><strong>OUTILS FIABLES<\/strong><\/h1>\n<p>[\/et_pb_text][et_pb_text _builder_version=\u00a0\u00bb3.27.4&Prime;]<\/p>\n<p style=\"text-align: justify;\">En plus de notre expertise en mati\u00e8re de cloud computing, Serviops poss\u00e8de une grande exp\u00e9rience dans l&rsquo;utilisation d&rsquo;une <strong>grande vari\u00e9t\u00e9 d&rsquo;outils et de solutions informatiques.<\/strong> Nous pensons que <strong>nos clients m\u00e9ritent toujours les outils informatiques les plus r\u00e9cents<\/strong> et les plus modernes disponibles sur le march\u00e9. C&rsquo;est pourquoi nous sommes <strong>toujours \u00e0 la recherche de nouveaux produits<\/strong> fiables qui peuvent nous aider \u00e0 fournir nos services de la meilleure fa\u00e7on possible. <\/p>\n<p>[\/et_pb_text][\/et_pb_column][et_pb_column type=\u00a0\u00bb1_2&Prime; _builder_version=\u00a0\u00bb3.25&Prime; custom_padding=\u00a0\u00bb|||\u00a0\u00bb custom_padding__hover=\u00a0\u00bb|||\u00a0\u00bb][et_pb_image src=\u00a0\u00bbhttps:\/\/www.serviops.ca\/wp-content\/uploads\/2019\/03\/cloud-tools-updated.png\u00a0\u00bb alt=\u00a0\u00bbOutils cloud\u00a0\u00bb align_tablet=\u00a0\u00bbcenter\u00a0\u00bb align_phone=\u00a0\u00bb\u00a0\u00bb align_last_edited=\u00a0\u00bbon|desktop\u00a0\u00bb _builder_version=\u00a0\u00bb3.23&Prime;][\/et_pb_image][\/et_pb_column][\/et_pb_row][\/et_pb_section][et_pb_section fb_built=\u00a0\u00bb1&Prime; admin_label=\u00a0\u00bbSection\u00a0\u00bb _builder_version=\u00a0\u00bb3.22.3&Prime; custom_padding=\u00a0\u00bb54px|0px|0|0px|false|false\u00a0\u00bb][et_pb_row column_structure=\u00a0\u00bb2_5,3_5&Prime; _builder_version=\u00a0\u00bb4.4.1&Prime;][et_pb_column type=\u00a0\u00bb2_5&Prime; _builder_version=\u00a0\u00bb3.25&Prime; custom_padding=\u00a0\u00bb|||\u00a0\u00bb custom_padding__hover=\u00a0\u00bb|||\u00a0\u00bb][et_pb_image src=\u00a0\u00bbhttps:\/\/www.serviops.ca\/wp-content\/uploads\/2020\/03\/AWS-Select-Badge.png\u00a0\u00bb alt=\u00a0\u00bbbadge de partenariat aws\u00a0\u00bb align_tablet=\u00a0\u00bbcenter\u00a0\u00bb align_phone=\u00a0\u00bb\u00a0\u00bb align_last_edited=\u00a0\u00bbon|desktop\u00a0\u00bb _builder_version=\u00a0\u00bb4.4.1&Prime; min_height=\u00a0\u00bb291px\u00a0\u00bb custom_padding=\u00a0\u00bb||0px|||\u00a0\u00bb][\/et_pb_image][\/et_pb_column][et_pb_column type=\u00a0\u00bb3_5&Prime; _builder_version=\u00a0\u00bb3.25&Prime; custom_padding=\u00a0\u00bb|||\u00a0\u00bb custom_padding__hover=\u00a0\u00bb|||\u00a0\u00bb][et_pb_text _builder_version=\u00a0\u00bb3.27.4&Prime;]<\/p>\n<h1><strong>PARTENARIAT AVEC AWS<\/strong><\/h1>\n<p>[\/et_pb_text][et_pb_text _builder_version=\u00a0\u00bb3.27.4&Prime;]<\/p>\n<p style=\"text-align: justify;\">Notre partenariat avec <strong>AWS (Amazon Web Services)<\/strong> est essentiel pour aider nos clients \u00e0 tirer <strong>pleinement parti de tous les avantages commerciaux qu&rsquo;AWS<\/strong> a \u00e0 offrir. Ce qui nous permet de renforcer nos connaissances techniques gr\u00e2ce \u00e0 des <strong>formations AWS continues et avanc\u00e9es.<\/strong><\/p>\n<p>[\/et_pb_text][\/et_pb_column][\/et_pb_row][\/et_pb_section][et_pb_section fb_built=\u00a0\u00bb1&Prime; _builder_version=\u00a0\u00bb3.22.3&Prime; custom_padding=\u00a0\u00bb0|0px|54px|0px|false|false\u00a0\u00bb][et_pb_row _builder_version=\u00a0\u00bb3.25&Prime; custom_padding=\u00a0\u00bb0|0px|0|0px|false|false\u00a0\u00bb][et_pb_column type=\u00a0\u00bb4_4&Prime; _builder_version=\u00a0\u00bb3.25&Prime; custom_padding=\u00a0\u00bb|||\u00a0\u00bb custom_padding__hover=\u00a0\u00bb|||\u00a0\u00bb][et_pb_cta button_url=\u00a0\u00bb\/contact-us\/\u00a0\u00bb button_text=\u00a0\u00bbGET IN TOUCH\u00a0\u00bb _builder_version=\u00a0\u00bb3.25.4&Prime; header_font=\u00a0\u00bb||||||||\u00a0\u00bb body_font=\u00a0\u00bb||||||||\u00a0\u00bb body_text_color=\u00a0\u00bb#000000&Prime; background_color=\u00a0\u00bb#ffffff\u00a0\u00bb]<\/p>\n<p style=\"font-size: 32px; line-height: 38px; text-align: center;\">D\u00e9di\u00e9 aux services personnalis\u00e9s et \u00e0 la fid\u00e9lisation des clients, Serviops peut vous aider \u00e0 atteindre vos objectifs en toute simplicit\u00e9.<\/p>\n<p>[\/et_pb_cta][\/et_pb_column][\/et_pb_row][\/et_pb_section]<\/p>\n","protected":false},"excerpt":{"rendered":"<p>PERFORMANCES, S\u00c9CURIT\u00c9 ET FIABILIT\u00c9 ULTIMESMIGRER-VOUS VERS LE CLOUD ? Nous sommes l\u00e0 pour vous aider!TECHNOLOGIES DU CLOUDServiops propose des services reposant sur plusieurs fournisseurs de cloud computing, dont Amazon Web Services (AWS), Google Cloud Platform (GCP) et Microsoft Azure. Cela donne \u00e0 nos clients la possibilit\u00e9 de choisir la solution qui leur convient le mieux. [&hellip;]<\/p>\n","protected":false},"author":1,"featured_media":0,"parent":0,"menu_order":0,"comment_status":"open","ping_status":"open","template":"","meta":{"_et_pb_use_builder":"on","_et_pb_old_content":"","_et_gb_content_width":"","footnotes":""},"class_list":["post-3312","page","type-page","status-publish","hentry"],"yoast_head":"<!-- This site is optimized with the Yoast SEO plugin v27.4 - https:\/\/yoast.com\/product\/yoast-seo-wordpress\/ -->\n<title>Serviops Solutions Inc. - IT Consultancy and Managed Services<\/title>\n<meta name=\"description\" content=\"Pensez-vous \u00e0 migrer vers le cloud ? Nous sommes l\u00e0 pour vous aider ! Serviops propose des services informatiques utilisant plusieurs fournisseurs de services en nuage et diff\u00e9rentes technologies.\" \/>\n<meta name=\"robots\" content=\"index, follow, max-snippet:-1, max-image-preview:large, max-video-preview:-1\" \/>\n<link rel=\"canonical\" href=\"https:\/\/www.serviops.ca\/fr\/\" \/>\n<meta property=\"og:locale\" content=\"fr_FR\" \/>\n<meta property=\"og:type\" content=\"article\" \/>\n<meta property=\"og:title\" content=\"Serviops Solutions Inc. - IT Consultancy and Managed Services\" \/>\n<meta property=\"og:description\" content=\"Pensez-vous \u00e0 migrer vers le cloud ? Nous sommes l\u00e0 pour vous aider ! Serviops propose des services informatiques utilisant plusieurs fournisseurs de services en nuage et diff\u00e9rentes technologies.\" \/>\n<meta property=\"og:url\" content=\"https:\/\/www.serviops.ca\/fr\/\" \/>\n<meta property=\"og:site_name\" content=\"Serviops Solutions Inc.\" \/>\n<meta property=\"article:publisher\" content=\"https:\/\/www.facebook.com\/serviops\/\" \/>\n<meta name=\"twitter:card\" content=\"summary_large_image\" \/>\n<meta name=\"twitter:site\" content=\"@serviops\" \/>\n<meta name=\"twitter:label1\" content=\"Dur\u00e9e de lecture estim\u00e9e\" \/>\n\t<meta name=\"twitter:data1\" content=\"4 minutes\" \/>\n<script type=\"application\/ld+json\" class=\"yoast-schema-graph\">{\"@context\":\"https:\\\/\\\/schema.org\",\"@graph\":[{\"@type\":\"WebPage\",\"@id\":\"https:\\\/\\\/www.serviops.ca\\\/fr\\\/\",\"url\":\"https:\\\/\\\/www.serviops.ca\\\/fr\\\/\",\"name\":\"Serviops Solutions Inc. - IT Consultancy and Managed Services\",\"isPartOf\":{\"@id\":\"https:\\\/\\\/www.serviops.ca\\\/fr\\\/#website\"},\"datePublished\":\"2022-06-20T14:28:39+00:00\",\"description\":\"Pensez-vous \u00e0 migrer vers le cloud ? Nous sommes l\u00e0 pour vous aider ! Serviops propose des services informatiques utilisant plusieurs fournisseurs de services en nuage et diff\u00e9rentes technologies.\",\"breadcrumb\":{\"@id\":\"https:\\\/\\\/www.serviops.ca\\\/fr\\\/#breadcrumb\"},\"inLanguage\":\"fr-FR\",\"potentialAction\":[{\"@type\":\"ReadAction\",\"target\":[\"https:\\\/\\\/www.serviops.ca\\\/fr\\\/\"]}]},{\"@type\":\"BreadcrumbList\",\"@id\":\"https:\\\/\\\/www.serviops.ca\\\/fr\\\/#breadcrumb\",\"itemListElement\":[{\"@type\":\"ListItem\",\"position\":1,\"name\":\"Home\",\"item\":\"https:\\\/\\\/www.serviops.ca\\\/fr\\\/page-daccueil-2\\\/\"},{\"@type\":\"ListItem\",\"position\":2,\"name\":\"Page d&#8217;accueil\"}]},{\"@type\":\"WebSite\",\"@id\":\"https:\\\/\\\/www.serviops.ca\\\/fr\\\/#website\",\"url\":\"https:\\\/\\\/www.serviops.ca\\\/fr\\\/\",\"name\":\"Serviops Solutions Inc.\",\"description\":\"IT Consultancy and Managed Services\",\"publisher\":{\"@id\":\"https:\\\/\\\/www.serviops.ca\\\/fr\\\/#organization\"},\"potentialAction\":[{\"@type\":\"SearchAction\",\"target\":{\"@type\":\"EntryPoint\",\"urlTemplate\":\"https:\\\/\\\/www.serviops.ca\\\/fr\\\/?s={search_term_string}\"},\"query-input\":{\"@type\":\"PropertyValueSpecification\",\"valueRequired\":true,\"valueName\":\"search_term_string\"}}],\"inLanguage\":\"fr-FR\"},{\"@type\":\"Organization\",\"@id\":\"https:\\\/\\\/www.serviops.ca\\\/fr\\\/#organization\",\"name\":\"Serviops Solutions\",\"url\":\"https:\\\/\\\/www.serviops.ca\\\/fr\\\/\",\"logo\":{\"@type\":\"ImageObject\",\"inLanguage\":\"fr-FR\",\"@id\":\"https:\\\/\\\/www.serviops.ca\\\/fr\\\/#\\\/schema\\\/logo\\\/image\\\/\",\"url\":\"https:\\\/\\\/www.serviops.ca\\\/wp-content\\\/uploads\\\/2022\\\/05\\\/logo_serviops_whitebg_150x150.png\",\"contentUrl\":\"https:\\\/\\\/www.serviops.ca\\\/wp-content\\\/uploads\\\/2022\\\/05\\\/logo_serviops_whitebg_150x150.png\",\"width\":150,\"height\":152,\"caption\":\"Serviops Solutions\"},\"image\":{\"@id\":\"https:\\\/\\\/www.serviops.ca\\\/fr\\\/#\\\/schema\\\/logo\\\/image\\\/\"},\"sameAs\":[\"https:\\\/\\\/www.facebook.com\\\/serviops\\\/\",\"https:\\\/\\\/x.com\\\/serviops\",\"https:\\\/\\\/www.linkedin.com\\\/company\\\/10183162\"]}]}<\/script>\n<!-- \/ Yoast SEO plugin. -->","yoast_head_json":{"title":"Serviops Solutions Inc. - IT Consultancy and Managed Services","description":"Pensez-vous \u00e0 migrer vers le cloud ? Nous sommes l\u00e0 pour vous aider ! Serviops propose des services informatiques utilisant plusieurs fournisseurs de services en nuage et diff\u00e9rentes technologies.","robots":{"index":"index","follow":"follow","max-snippet":"max-snippet:-1","max-image-preview":"max-image-preview:large","max-video-preview":"max-video-preview:-1"},"canonical":"https:\/\/www.serviops.ca\/fr\/","og_locale":"fr_FR","og_type":"article","og_title":"Serviops Solutions Inc. - IT Consultancy and Managed Services","og_description":"Pensez-vous \u00e0 migrer vers le cloud ? Nous sommes l\u00e0 pour vous aider ! Serviops propose des services informatiques utilisant plusieurs fournisseurs de services en nuage et diff\u00e9rentes technologies.","og_url":"https:\/\/www.serviops.ca\/fr\/","og_site_name":"Serviops Solutions Inc.","article_publisher":"https:\/\/www.facebook.com\/serviops\/","twitter_card":"summary_large_image","twitter_site":"@serviops","twitter_misc":{"Dur\u00e9e de lecture estim\u00e9e":"4 minutes"},"schema":{"@context":"https:\/\/schema.org","@graph":[{"@type":"WebPage","@id":"https:\/\/www.serviops.ca\/fr\/","url":"https:\/\/www.serviops.ca\/fr\/","name":"Serviops Solutions Inc. - IT Consultancy and Managed Services","isPartOf":{"@id":"https:\/\/www.serviops.ca\/fr\/#website"},"datePublished":"2022-06-20T14:28:39+00:00","description":"Pensez-vous \u00e0 migrer vers le cloud ? Nous sommes l\u00e0 pour vous aider ! Serviops propose des services informatiques utilisant plusieurs fournisseurs de services en nuage et diff\u00e9rentes technologies.","breadcrumb":{"@id":"https:\/\/www.serviops.ca\/fr\/#breadcrumb"},"inLanguage":"fr-FR","potentialAction":[{"@type":"ReadAction","target":["https:\/\/www.serviops.ca\/fr\/"]}]},{"@type":"BreadcrumbList","@id":"https:\/\/www.serviops.ca\/fr\/#breadcrumb","itemListElement":[{"@type":"ListItem","position":1,"name":"Home","item":"https:\/\/www.serviops.ca\/fr\/page-daccueil-2\/"},{"@type":"ListItem","position":2,"name":"Page d&#8217;accueil"}]},{"@type":"WebSite","@id":"https:\/\/www.serviops.ca\/fr\/#website","url":"https:\/\/www.serviops.ca\/fr\/","name":"Serviops Solutions Inc.","description":"IT Consultancy and Managed Services","publisher":{"@id":"https:\/\/www.serviops.ca\/fr\/#organization"},"potentialAction":[{"@type":"SearchAction","target":{"@type":"EntryPoint","urlTemplate":"https:\/\/www.serviops.ca\/fr\/?s={search_term_string}"},"query-input":{"@type":"PropertyValueSpecification","valueRequired":true,"valueName":"search_term_string"}}],"inLanguage":"fr-FR"},{"@type":"Organization","@id":"https:\/\/www.serviops.ca\/fr\/#organization","name":"Serviops Solutions","url":"https:\/\/www.serviops.ca\/fr\/","logo":{"@type":"ImageObject","inLanguage":"fr-FR","@id":"https:\/\/www.serviops.ca\/fr\/#\/schema\/logo\/image\/","url":"https:\/\/www.serviops.ca\/wp-content\/uploads\/2022\/05\/logo_serviops_whitebg_150x150.png","contentUrl":"https:\/\/www.serviops.ca\/wp-content\/uploads\/2022\/05\/logo_serviops_whitebg_150x150.png","width":150,"height":152,"caption":"Serviops Solutions"},"image":{"@id":"https:\/\/www.serviops.ca\/fr\/#\/schema\/logo\/image\/"},"sameAs":["https:\/\/www.facebook.com\/serviops\/","https:\/\/x.com\/serviops","https:\/\/www.linkedin.com\/company\/10183162"]}]}},"jetpack_sharing_enabled":true,"_links":{"self":[{"href":"https:\/\/www.serviops.ca\/fr\/wp-json\/wp\/v2\/pages\/3312","targetHints":{"allow":["GET"]}}],"collection":[{"href":"https:\/\/www.serviops.ca\/fr\/wp-json\/wp\/v2\/pages"}],"about":[{"href":"https:\/\/www.serviops.ca\/fr\/wp-json\/wp\/v2\/types\/page"}],"author":[{"embeddable":true,"href":"https:\/\/www.serviops.ca\/fr\/wp-json\/wp\/v2\/users\/1"}],"replies":[{"embeddable":true,"href":"https:\/\/www.serviops.ca\/fr\/wp-json\/wp\/v2\/comments?post=3312"}],"version-history":[{"count":0,"href":"https:\/\/www.serviops.ca\/fr\/wp-json\/wp\/v2\/pages\/3312\/revisions"}],"wp:attachment":[{"href":"https:\/\/www.serviops.ca\/fr\/wp-json\/wp\/v2\/media?parent=3312"}],"curies":[{"name":"wp","href":"https:\/\/api.w.org\/{rel}","templated":true}]}}